{"id":129,"date":"2025-10-10T22:39:05","date_gmt":"2025-10-10T22:39:05","guid":{"rendered":"https:\/\/www.hydrup.fr\/?page_id=129"},"modified":"2025-10-12T15:17:25","modified_gmt":"2025-10-12T15:17:25","slug":"location-de-van","status":"publish","type":"page","link":"https:\/\/www.hydrup.fr\/index.php\/location-de-van\/","title":{"rendered":"Location de Van"},"content":{"rendered":"\n<h3 class=\"wp-block-heading\">\ud83d\ude90 Explore la libert\u00e9 avec Hydrup Van<\/h3>\n\n\n\n<figure class=\"wp-block-pullquote\"><blockquote><p><mark style=\"background-color:rgba(0, 0, 0, 0)\" class=\"has-inline-color has-accent-color\">Pars \u00e0 l\u2019aventure dans les Pyr\u00e9n\u00e9es avec notre van enti\u00e8rement \u00e9quip\u00e9, pens\u00e9 pour le confort, la libert\u00e9 et la simplicit\u00e9. Avec <strong>Hydrup Van<\/strong>, tu profites d\u2019une exp\u00e9rience unique : un espace cosy avec lit double, coin cuisine, Wi-Fi, panneaux solaires, vid\u00e9oprojecteur et tout le n\u00e9cessaire pour vivre la vanlife en toute autonomie. Que tu partes pour un week-end ou une semaine compl\u00e8te, notre van est pr\u00eat \u00e0 t\u2019accompagner sur les routes, \u00e0 ton rythme. R\u00e9serve ton escapade d\u00e8s maintenant et d\u00e9couvre la magie du voyage sans contraintes. \ud83c\udf04<\/mark><\/p><\/blockquote><\/figure>\n\n\n\n<div class=\"wp-block-buttons is-layout-flex wp-block-buttons-is-layout-flex\"><\/div>\n\n\n\n<div class=\"wp-block-group alignfull is-content-justification-center is-layout-constrained wp-container-core-group-is-layout-df757ecc wp-block-group-is-layout-constrained\" style=\"margin-top:0;margin-bottom:0;padding-top:calc( 0.5 * var(--wp--style--root--padding-right, var(--wp--custom--gap--horizontal)));padding-right:var(--wp--style--root--padding-right, var(--wp--custom--gap--horizontal));padding-bottom:calc( 0.5 * var(--wp--style--root--padding-right, var(--wp--custom--gap--horizontal)));padding-left:var(--wp--style--root--padding-left, var(--wp--custom--gap--horizontal))\">\n<div style=\"height:calc( 0.25 * var(--wp--style--root--padding-right, var(--wp--custom--gap--horizontal)))\" aria-hidden=\"true\" class=\"wp-block-spacer\"><\/div>\n\n\n\n<div class=\"wp-block-group is-layout-constrained wp-block-group-is-layout-constrained\">\n<h2 class=\"wp-block-heading has-text-align-center is-pricing-title\">Tarification<\/h2>\n<\/div>\n\n\n\n<div style=\"height:var(--wp--preset--spacing--30)\" aria-hidden=\"true\" class=\"wp-block-spacer\"><\/div>\n\n\n\n<div class=\"wp-block-columns alignwide is-layout-flex wp-container-core-columns-is-layout-87beb0d0 wp-block-columns-is-layout-flex\">\n<div class=\"wp-block-column has-background is-layout-flow wp-block-column-is-layout-flow\" style=\"background-color:#00000012;padding-top:var(--wp--preset--spacing--30);padding-right:var(--wp--preset--spacing--30);padding-bottom:var(--wp--preset--spacing--30);padding-left:var(--wp--preset--spacing--30)\">\n<div class=\"wp-block-group is-layout-constrained wp-container-core-group-is-layout-19e250f3 wp-block-group-is-layout-constrained\">\n<h3 class=\"wp-block-heading has-text-align-center is-pricing-tier-name has-large-font-size\">1 nuit<\/h3>\n\n\n\n<p class=\"has-text-align-center is-pricing-tier-price has-small-font-size\">79,99 \u20ac<\/p>\n<\/div>\n\n\n\n<div class=\"wp-block-buttons is-layout-flex wp-block-buttons-is-layout-flex\">\n<div class=\"wp-block-button has-custom-width wp-block-button__width-100 is-style-outline is-style-outline--1\"><a class=\"wp-block-button__link wp-element-button\">R\u00e9server<\/a><\/div>\n<\/div>\n\n\n\n<div class=\"wp-block-group is-layout-flow wp-container-core-group-is-layout-939812aa wp-block-group-is-layout-flow\">\n<p class=\"is-pricing-tier-service-checked\"><strong>\u2713<\/strong> Vid\u00e9o lectures<\/p>\n\n\n\n<p class=\"is-pricing-tier-service-checked\"><strong>\u2713<\/strong> Quiz interactifs<\/p>\n\n\n\n<p class=\"is-pricing-tier-service-checked\"><strong>\u2713<\/strong> Ressources t\u00e9l\u00e9chargeables<\/p>\n\n\n\n<p class=\"is-pricing-tier-service-checked\"><strong>\u2713<\/strong> Certificat de r\u00e9ussite<\/p>\n<\/div>\n<\/div>\n\n\n\n<div class=\"wp-block-column has-background is-layout-flow wp-block-column-is-layout-flow\" style=\"background-color:#00000012;padding-top:var(--wp--preset--spacing--30);padding-right:var(--wp--preset--spacing--30);padding-bottom:var(--wp--preset--spacing--30);padding-left:var(--wp--preset--spacing--30)\">\n<div class=\"wp-block-group is-layout-constrained wp-container-core-group-is-layout-19e250f3 wp-block-group-is-layout-constrained\">\n<h3 class=\"wp-block-heading has-text-align-center is-pricing-tier-name has-large-font-size\">2 nuits<\/h3>\n\n\n\n<p class=\"has-text-align-center is-pricing-tier-price has-small-font-size\">69,99 \u20ac\/ nuit<\/p>\n<\/div>\n\n\n\n<div class=\"wp-block-buttons is-layout-flex wp-block-buttons-is-layout-flex\">\n<div class=\"wp-block-button has-custom-width wp-block-button__width-100 is-style-fill\"><a class=\"wp-block-button__link wp-element-button\">R\u00e9server<\/a><\/div>\n<\/div>\n\n\n\n<div class=\"wp-block-group is-layout-flow wp-container-core-group-is-layout-939812aa wp-block-group-is-layout-flow\">\n<p class=\"is-pricing-tier-service-checked\"><strong>\u2713<\/strong> Tout inclus dans Gratuit<\/p>\n\n\n\n<p class=\"is-pricing-tier-service-checked\"><strong>\u2713<\/strong> Retour d&rsquo;information Personnel<\/p>\n\n\n\n<p class=\"is-pricing-tier-service-checked\"><strong>\u2713<\/strong> Sessions de questions-r\u00e9ponses en direct<\/p>\n\n\n\n<p class=\"is-pricing-tier-service-checked\"><strong>\u2713<\/strong> forums communautaires en ligne<\/p>\n<\/div>\n<\/div>\n\n\n\n<div class=\"wp-block-column has-background is-layout-flow wp-block-column-is-layout-flow\" style=\"background-color:#00000012;padding-top:var(--wp--preset--spacing--30);padding-right:var(--wp--preset--spacing--30);padding-bottom:var(--wp--preset--spacing--30);padding-left:var(--wp--preset--spacing--30)\">\n<div class=\"wp-block-group is-layout-constrained wp-container-core-group-is-layout-19e250f3 wp-block-group-is-layout-constrained\">\n<h3 class=\"wp-block-heading has-text-align-center is-pricing-tier-name has-large-font-size\">3 nuits ou +<\/h3>\n\n\n\n<p class=\"has-text-align-center\">64,99 \u20ac\/ nuit<\/p>\n<\/div>\n\n\n\n<div class=\"wp-block-buttons is-layout-flex wp-block-buttons-is-layout-flex\">\n<div class=\"wp-block-button has-custom-width wp-block-button__width-100 is-style-outline is-style-outline--2\"><a class=\"wp-block-button__link wp-element-button\">R\u00e9server<\/a><\/div>\n<\/div>\n\n\n\n<div class=\"wp-block-group is-layout-flow wp-container-core-group-is-layout-939812aa wp-block-group-is-layout-flow\">\n<p class=\"is-pricing-tier-service-checked\"><strong>\u2713<\/strong> Tout est inclus dans Basic<\/p>\n\n\n\n<p class=\"is-pricing-tier-service-checked\"><strong>\u2713<\/strong> Assistance Premium<\/p>\n\n\n\n<p class=\"is-pricing-tier-service-checked\"><strong>\u2713<\/strong> S\u00e9ances de coaching<\/p>\n\n\n\n<p class=\"is-pricing-tier-service-checked\"><strong>\u2713<\/strong> Acc\u00e8s prioritaire au nouveau contenu<\/p>\n<\/div>\n<\/div>\n<\/div>\n\n\n\n<div style=\"height:calc( 0.25 * var(--wp--style--root--padding-right, var(--wp--custom--gap--horizontal)))\" aria-hidden=\"true\" class=\"wp-block-spacer\"><\/div>\n<\/div>\n\n\n\n<div class=\"wp-block-jetpack-tiled-gallery aligncenter is-style-rectangular\"><div class=\"\"><div class=\"tiled-gallery__gallery\"><div class=\"tiled-gallery__row\"><div class=\"tiled-gallery__col\" style=\"flex-basis:100.00000%\"><figure class=\"tiled-gallery__item\"><img decoding=\"async\" srcset=\"https:\/\/i0.wp.com\/www.hydrup.fr\/wp-content\/uploads\/2025\/10\/ret-2-1-1024x736.jpg?strip=info&#038;w=600 600w,https:\/\/i0.wp.com\/www.hydrup.fr\/wp-content\/uploads\/2025\/10\/ret-2-1-1024x736.jpg?strip=info&#038;w=900 900w,https:\/\/i0.wp.com\/www.hydrup.fr\/wp-content\/uploads\/2025\/10\/ret-2-1-1024x736.jpg?strip=info&#038;w=1200 1200w,https:\/\/i0.wp.com\/www.hydrup.fr\/wp-content\/uploads\/2025\/10\/ret-2-1-1024x736.jpg?strip=info&#038;w=1500 1500w,https:\/\/i0.wp.com\/www.hydrup.fr\/wp-content\/uploads\/2025\/10\/ret-2-1-1024x736.jpg?strip=info&#038;w=1594 1594w\" alt=\"\" data-height=\"1145\" data-id=\"205\" data-link=\"https:\/\/www.hydrup.fr\/index.php\/location-de-van\/ret-2-2\/\" data-url=\"http:\/\/www.hydrup.fr\/wp-content\/uploads\/2025\/10\/ret-2-1-1024x736.jpg\" data-width=\"1594\" src=\"https:\/\/i0.wp.com\/www.hydrup.fr\/wp-content\/uploads\/2025\/10\/ret-2-1-1024x736.jpg\" data-amp-layout=\"responsive\"\/><\/figure><\/div><\/div><\/div><\/div><\/div>\n","protected":false},"excerpt":{"rendered":"<p>\ud83d\ude90 Explore la libert\u00e9 avec Hydrup Van Pars \u00e0 l\u2019aventure dans les Pyr\u00e9n\u00e9es avec notre van enti\u00e8rement \u00e9quip\u00e9, pens\u00e9 pour le confort, la libert\u00e9 et la simplicit\u00e9. Avec Hydrup Van, tu profites d\u2019une exp\u00e9rience unique : un espace cosy avec lit double, coin cuisine, Wi-Fi, panneaux solaires, vid\u00e9oprojecteur et tout le n\u00e9cessaire pour vivre la [&hellip;]<\/p>\n","protected":false},"author":1,"featured_media":0,"parent":0,"menu_order":0,"comment_status":"closed","ping_status":"closed","template":"","meta":{"_bbp_topic_count":0,"_bbp_reply_count":0,"_bbp_total_topic_count":0,"_bbp_total_reply_count":0,"_bbp_voice_count":0,"_bbp_anonymous_reply_count":0,"_bbp_topic_count_hidden":0,"_bbp_reply_count_hidden":0,"_bbp_forum_subforum_count":0,"footnotes":""},"class_list":["post-129","page","type-page","status-publish","hentry"],"jetpack_sharing_enabled":true,"_links":{"self":[{"href":"https:\/\/www.hydrup.fr\/index.php\/wp-json\/wp\/v2\/pages\/129","targetHints":{"allow":["GET"]}}],"collection":[{"href":"https:\/\/www.hydrup.fr\/index.php\/wp-json\/wp\/v2\/pages"}],"about":[{"href":"https:\/\/www.hydrup.fr\/index.php\/wp-json\/wp\/v2\/types\/page"}],"author":[{"embeddable":true,"href":"https:\/\/www.hydrup.fr\/index.php\/wp-json\/wp\/v2\/users\/1"}],"replies":[{"embeddable":true,"href":"https:\/\/www.hydrup.fr\/index.php\/wp-json\/wp\/v2\/comments?post=129"}],"version-history":[{"count":2,"href":"https:\/\/www.hydrup.fr\/index.php\/wp-json\/wp\/v2\/pages\/129\/revisions"}],"predecessor-version":[{"id":206,"href":"https:\/\/www.hydrup.fr\/index.php\/wp-json\/wp\/v2\/pages\/129\/revisions\/206"}],"wp:attachment":[{"href":"https:\/\/www.hydrup.fr\/index.php\/wp-json\/wp\/v2\/media?parent=129"}],"curies":[{"name":"wp","href":"https:\/\/api.w.org\/{rel}","templated":true}]}}